{"id":22,"date":"2020-04-12T19:12:13","date_gmt":"2020-04-12T19:12:13","guid":{"rendered":"http:\/\/nele-zeyn.de\/?page_id=22"},"modified":"2022-01-13T07:51:48","modified_gmt":"2022-01-13T07:51:48","slug":"datenschutzerklaerung","status":"publish","type":"page","link":"https:\/\/nele-zeyn.de\/?page_id=22","title":{"rendered":"Datenschutzerkl\u00e4rung"},"content":{"rendered":"\n<p>Die Adresse meiner Website ist: http:\/\/nele-zeyn.de.<\/p>\n\n\n\n<p>Du erreichst mich, indem du mir eine Mail schreibst: mail[@]nele-zeyn[punkt]de.<\/p>\n\n\n\n<h2>Welche personenbezogenen Daten wir sammeln und warum wir sie sammeln<\/h2>\n\n\n\n<p>Auf bzw. von meiner Website werden personenbezogene Informationen erfasst, dazu werden geh\u00f6ren etwa Verbindungsdaten (IP-Adresse, Zugriffszeitpunkt oder Browserversion), die der Server&nbsp;von jedem Besucher speichert. Zwecks Kontaktaufnahme habe ich meine E-Mail-Adresse angegeben und erkl\u00e4ren hiermit, dass die daf\u00fcr abgelegten pers\u00f6nlichen Daten der Nutzer unter anderem auf meinem Mailserver und meinem Computer abgelegt werden. <\/p>\n\n\n\n<p>Zum Erstellen der Website habe ich WordPress&nbsp; genutzt. Dieses CMS sammelt die Daten und wertet sie gegebenenfalls aus.<\/p>\n\n\n\n<h2>Eingebettete Inhalte von anderen Websites<\/h2>\n\n\n\n<p>Beitr\u00e4ge auf dieser Website k\u00f6nnen eingebettete Inhalte beinhalten (z.&nbsp;B. Videos, Bilder, Beitr\u00e4ge etc.). Eingebettete Inhalte von anderen Websites verhalten sich exakt so, als ob der Besucher die andere Website besucht h\u00e4tte.<\/p>\n\n\n\n<p>Diese Websites k\u00f6nnen Daten \u00fcber dich sammeln, Cookies benutzen, zus\u00e4tzliche Tracking-Dienste von Dritten einbetten und deine Interaktion mit diesem eingebetteten Inhalt aufzeichnen, inklusive deiner Interaktion mit dem eingebetteten Inhalt, falls du ein Konto hast und auf dieser Website angemeldet bist.<\/p>\n","protected":false},"excerpt":{"rendered":"<p>Die Adresse meiner Website ist: http:\/\/nele-zeyn.de. Du erreichst mich, indem du mir eine Mail schreibst: mail[@]nele-zeyn[punkt]de. Welche personenbezogenen Daten wir sammeln und warum wir sie sammeln Auf bzw. von meiner Website werden personenbezogene Informationen erfasst, dazu werden geh\u00f6ren etwa Verbindungsdaten (IP-Adresse, Zugriffszeitpunkt oder Browserversion), die der Server&nbsp;von jedem Besucher speichert. Zwecks Kontaktaufnahme habe ich meine &hellip; <\/p>\n<p class=\"link-more\"><a href=\"https:\/\/nele-zeyn.de\/?page_id=22\" class=\"more-link\"><span class=\"screen-reader-text\">\u201eDatenschutzerkl\u00e4rung\u201c<\/span> weiterlesen<\/a><\/p>\n","protected":false},"author":1,"featured_media":0,"parent":0,"menu_order":4,"comment_status":"closed","ping_status":"closed","template":"","meta":[],"_links":{"self":[{"href":"https:\/\/nele-zeyn.de\/index.php?rest_route=\/wp\/v2\/pages\/22"}],"collection":[{"href":"https:\/\/nele-zeyn.de\/index.php?rest_route=\/wp\/v2\/pages"}],"about":[{"href":"https:\/\/nele-zeyn.de\/index.php?rest_route=\/wp\/v2\/types\/page"}],"author":[{"embeddable":true,"href":"https:\/\/nele-zeyn.de\/index.php?rest_route=\/wp\/v2\/users\/1"}],"replies":[{"embeddable":true,"href":"https:\/\/nele-zeyn.de\/index.php?rest_route=%2Fwp%2Fv2%2Fcomments&post=22"}],"version-history":[{"count":4,"href":"https:\/\/nele-zeyn.de\/index.php?rest_route=\/wp\/v2\/pages\/22\/revisions"}],"predecessor-version":[{"id":34,"href":"https:\/\/nele-zeyn.de\/index.php?rest_route=\/wp\/v2\/pages\/22\/revisions\/34"}],"wp:attachment":[{"href":"https:\/\/nele-zeyn.de\/index.php?rest_route=%2Fwp%2Fv2%2Fmedia&parent=22"}],"curies":[{"name":"wp","href":"https:\/\/api.w.org\/{rel}","templated":true}]}}